{"id":541,"date":"2025-10-31T11:55:20","date_gmt":"2025-10-31T11:55:20","guid":{"rendered":"https:\/\/dc-3po.com\/pt\/?page_id=541"},"modified":"2025-10-31T13:55:21","modified_gmt":"2025-10-31T13:55:21","slug":"privacidade","status":"publish","type":"page","link":"https:\/\/dc-3po.com\/pt\/privacidade\/","title":{"rendered":"Pol\u00edtica de Privacidade"},"content":{"rendered":"\t\t<div data-elementor-type=\"wp-page\" data-elementor-id=\"541\" class=\"elementor elementor-541\">\n\t\t\t\t<div class=\"elementor-element elementor-element-48f39ed e-con-full e-flex e-con e-parent\" data-id=\"48f39ed\" data-element_type=\"container\">\n\t\t\t\t<div class=\"elementor-element elementor-element-87698a2 elementor-widget elementor-widget-spacer\" data-id=\"87698a2\" data-element_type=\"widget\" data-widget_type=\"spacer.default\">\n\t\t\t\t\t\t\t<div class=\"elementor-spacer\">\n\t\t\t<div class=\"elementor-spacer-inner\"><\/div>\n\t\t<\/div>\n\t\t\t\t\t\t<\/div>\n\t\t\t\t<div class=\"elementor-element elementor-element-f582d3a elementor-align-left elementor-invisible elementor-widget elementor-widget-button\" data-id=\"f582d3a\" data-element_type=\"widget\" data-settings=\"{&quot;_animation&quot;:&quot;fadeIn&quot;,&quot;_animation_delay&quot;:2000}\" data-widget_type=\"button.default\">\n\t\t\t\t\t\t\t\t\t\t<a class=\"elementor-button elementor-button-link elementor-size-sm\" href=\"https:\/\/dc-3po.com\/pt\">\n\t\t\t\t\t\t<span class=\"elementor-button-content-wrapper\">\n\t\t\t\t\t\t\t\t\t<span class=\"elementor-button-text\">VOLTAR HOMEPAGE<\/span>\n\t\t\t\t\t<\/span>\n\t\t\t\t\t<\/a>\n\t\t\t\t\t\t\t\t<\/div>\n\t\t\t\t<div class=\"elementor-element elementor-element-6ba095f animated-slow elementor-invisible elementor-widget elementor-widget-text-editor\" data-id=\"6ba095f\" data-element_type=\"widget\" data-settings=\"{&quot;_animation&quot;:&quot;slideInLeft&quot;}\" data-widget_type=\"text-editor.default\">\n\t\t\t\t\t\t\t\t\t<span style=\"color: #00a3db;\">&lt;<\/span><span style=\"color: #fafafa;\">POL\u00cdTICA DE PRIVACIDADE<\/span><span style=\"color: #00a3db;\">&gt;<\/span>\t\t\t\t\t\t\t\t<\/div>\n\t\t\t\t<div class=\"elementor-element elementor-element-a36a190 elementor-widget elementor-widget-spacer\" data-id=\"a36a190\" data-element_type=\"widget\" data-widget_type=\"spacer.default\">\n\t\t\t\t\t\t\t<div class=\"elementor-spacer\">\n\t\t\t<div class=\"elementor-spacer-inner\"><\/div>\n\t\t<\/div>\n\t\t\t\t\t\t<\/div>\n\t\t\t\t<\/div>\n\t\t<div class=\"elementor-element elementor-element-2e6ec88 e-con-full e-flex e-con e-parent\" data-id=\"2e6ec88\" data-element_type=\"container\">\n\t\t<div class=\"elementor-element elementor-element-eb4a14d e-con-full e-flex e-con e-child\" data-id=\"eb4a14d\" data-element_type=\"container\">\n\t\t<div class=\"elementor-element elementor-element-2c4813f e-con-full e-flex e-con e-child\" data-id=\"2c4813f\" data-element_type=\"container\">\n\t\t\t\t<div class=\"elementor-element elementor-element-9b3ee53 elementor-widget elementor-widget-spacer\" data-id=\"9b3ee53\" data-element_type=\"widget\" data-widget_type=\"spacer.default\">\n\t\t\t\t\t\t\t<div class=\"elementor-spacer\">\n\t\t\t<div class=\"elementor-spacer-inner\"><\/div>\n\t\t<\/div>\n\t\t\t\t\t\t<\/div>\n\t\t\t\t<div class=\"elementor-element elementor-element-29c8d1d animated-slow elementor-invisible elementor-widget elementor-widget-text-editor\" data-id=\"29c8d1d\" data-element_type=\"widget\" data-settings=\"{&quot;_animation&quot;:&quot;slideInLeft&quot;}\" data-widget_type=\"text-editor.default\">\n\t\t\t\t\t\t\t\t\t<h2 class=\"wp-block-heading\">Perguntas frequentes<\/h2>\t\t\t\t\t\t\t\t<\/div>\n\t\t\t\t<div class=\"elementor-element elementor-element-fb575d5 animated-slow elementor-invisible elementor-widget elementor-widget-text-editor\" data-id=\"fb575d5\" data-element_type=\"widget\" data-settings=\"{&quot;_animation&quot;:&quot;slideInLeft&quot;,&quot;_animation_delay&quot;:1000}\" data-widget_type=\"text-editor.default\">\n\t\t\t\t\t\t\t\t\t<div class=\"wpb_text_column wpb_content_element wpb_animate_when_almost_visible wpb_fadeIn fadeIn wpb_start_animation animated\"><div class=\"wpb_wrapper\"><div class=\"wpb_text_column wpb_content_element \"><div class=\"wpb_wrapper\"><p><strong>O que s\u00e3o Cookies?<\/strong><\/p><p>Uma Cookie \u00e9 um pequeno ficheiro armazenado no dispositivo do visitante com o objetivo de constantemente manter alguma informa\u00e7\u00e3o que permita identificar o tipo de dispositivo, bem como outra informa\u00e7\u00e3o relevante para disponibilizar corretamente e adaptar todos os componentes do website \u00e0 sua utiliza\u00e7\u00e3o.<\/p><p>\u00a0<\/p><p><strong>Este s\u00edtio web\u00a0utiliza Cookies?<\/strong><\/p><p>Sim, para melhorar a sua experi\u00eancia de utiliza\u00e7\u00e3o sempre que acede ao nosso website. As Cookies s\u00e3o utilizadas para recolher indicadores de performance, origem e hor\u00e1rio dos acessos ao website.<\/p><p>\u00a0<\/p><p><strong>Qual \u00e9 a pol\u00edtica de privacidade?<\/strong><\/p><p>Os dados recolhidos e armazenados em Cookies n\u00e3o ser\u00e3o disponibilizados a entidades terceiras. A navega\u00e7\u00e3o neste website \u00e9 monitorizada apenas para fins estat\u00edsticos.<\/p><p>\u00a0<\/p><p><strong>Devo aceitar a utiliza\u00e7\u00e3o de Cookies?<\/strong><\/p><p>No cumprimento da Lei 41\/2004, de 18 de Agosto e da Lei 46\/2012 de 29 de Agosto o website dc-3po.com\/pt apenas poder\u00e1 recorrer \u00e0 utiliza\u00e7\u00e3o de Cookies mediante o consentimento pr\u00e9vio e expresso do visitante. A dc-3po.com\/pt compromete-se a utilizar o armazenamento de Cookies apenas para as finalidades referidas nos pontos anteriores. \u00c9 importante referir que a utiliza\u00e7\u00e3o de Cookies \u00e9 essencial para o correto funcionamento do website na sua totalidade, pelo que a sua aceita\u00e7\u00e3o \u00e9 recomendada. A maioria dos navegadores permite controlo sobre as Cookies armazenadas no seu dispositivo, bem como a sua elimina\u00e7\u00e3o imediata, caso pretenda deixar de permitir o armazenamento local de Cookies.<\/p><\/div><\/div><\/div><\/div>\t\t\t\t\t\t\t\t<\/div>\n\t\t\t\t<div class=\"elementor-element elementor-element-4d7658f elementor-widget elementor-widget-spacer\" data-id=\"4d7658f\" data-element_type=\"widget\" data-widget_type=\"spacer.default\">\n\t\t\t\t\t\t\t<div class=\"elementor-spacer\">\n\t\t\t<div class=\"elementor-spacer-inner\"><\/div>\n\t\t<\/div>\n\t\t\t\t\t\t<\/div>\n\t\t\t\t<\/div>\n\t\t\t\t<\/div>\n\t\t\t\t<\/div>\n\t\t<div class=\"elementor-element elementor-element-54e39b1 e-con-full e-transform e-transform e-flex e-con e-parent\" data-id=\"54e39b1\" data-element_type=\"container\" data-settings=\"{&quot;background_background&quot;:&quot;video&quot;,&quot;background_video_link&quot;:&quot;https:\\\/\\\/dc-3po.com\\\/pt\\\/wp-content\\\/uploads\\\/2025\\\/10\\\/video2-1.mp4&quot;,&quot;background_play_on_mobile&quot;:&quot;yes&quot;,&quot;_transform_scale_effect_mobile&quot;:{&quot;unit&quot;:&quot;px&quot;,&quot;size&quot;:2,&quot;sizes&quot;:[]},&quot;_transform_scale_effect_hover_mobile&quot;:{&quot;unit&quot;:&quot;px&quot;,&quot;size&quot;:2,&quot;sizes&quot;:[]},&quot;_transform_scale_effect&quot;:{&quot;unit&quot;:&quot;px&quot;,&quot;size&quot;:&quot;&quot;,&quot;sizes&quot;:[]},&quot;_transform_scale_effect_tablet&quot;:{&quot;unit&quot;:&quot;px&quot;,&quot;size&quot;:&quot;&quot;,&quot;sizes&quot;:[]},&quot;_transform_scale_effect_hover&quot;:{&quot;unit&quot;:&quot;px&quot;,&quot;size&quot;:&quot;&quot;,&quot;sizes&quot;:[]},&quot;_transform_scale_effect_hover_tablet&quot;:{&quot;unit&quot;:&quot;px&quot;,&quot;size&quot;:&quot;&quot;,&quot;sizes&quot;:[]}}\">\n\t\t<div class=\"elementor-background-video-container\" aria-hidden=\"true\">\n\t\t\t\t\t\t\t<video class=\"elementor-background-video-hosted\" autoplay muted playsinline loop><\/video>\n\t\t\t\t\t<\/div>\t\t<div class=\"elementor-element elementor-element-6aad1d2 elementor-widget elementor-widget-spacer\" data-id=\"6aad1d2\" data-element_type=\"widget\" data-widget_type=\"spacer.default\">\n\t\t\t\t\t\t\t<div class=\"elementor-spacer\">\n\t\t\t<div class=\"elementor-spacer-inner\"><\/div>\n\t\t<\/div>\n\t\t\t\t\t\t<\/div>\n\t\t\t\t<\/div>\n\t\t<div class=\"elementor-element elementor-element-4bb1a94 e-flex e-con-boxed e-con e-parent\" data-id=\"4bb1a94\" data-element_type=\"container\">\n\t\t\t\t\t<div class=\"e-con-inner\">\n\t\t<div class=\"elementor-element elementor-element-fb84664 e-con-full e-flex e-con e-child\" data-id=\"fb84664\" data-element_type=\"container\">\n\t\t\t\t<div class=\"elementor-element elementor-element-ffd8f17 elementor-widget elementor-widget-text-editor\" data-id=\"ffd8f17\" data-element_type=\"widget\" data-widget_type=\"text-editor.default\">\n\t\t\t\t\t\t\t\t\t<p style=\"text-align: center;\">Email: <a href=\"mailto:hello@dc-3po.com\/pt\">hello@dc-3po.com\/pt<\/a><\/p>\t\t\t\t\t\t\t\t<\/div>\n\t\t\t\t<\/div>\n\t\t<div class=\"elementor-element elementor-element-7e310c0 e-con-full e-flex e-con e-child\" data-id=\"7e310c0\" data-element_type=\"container\">\n\t\t\t\t<div class=\"elementor-element elementor-element-6f72ea3 elementor-widget elementor-widget-text-editor\" data-id=\"6f72ea3\" data-element_type=\"widget\" data-widget_type=\"text-editor.default\">\n\t\t\t\t\t\t\t\t\t<p style=\"text-align: center;\"><span style=\"color: #ffffff;\">Pol\u00edtica de Privacidade<\/span><\/span><\/p>\t\t\t\t\t\t\t\t<\/div>\n\t\t\t\t<\/div>\n\t\t\t\t\t<\/div>\n\t\t\t\t<\/div>\n\t\t\t\t<\/div>\n\t\t","protected":false},"excerpt":{"rendered":"<p>VOLTAR HOMEPAGE &lt;POL\u00cdTICA DE PRIVACIDADE&gt; Perguntas frequentes O que s\u00e3o Cookies? Uma Cookie \u00e9 um pequeno ficheiro armazenado no dispositivo do visitante com o objetivo de constantemente manter alguma informa\u00e7\u00e3o que permita identificar o tipo de dispositivo, bem como outra informa\u00e7\u00e3o relevante para disponibilizar corretamente e adaptar todos os componentes do website \u00e0 sua utiliza\u00e7\u00e3o.&hellip;<\/p>\n","protected":false},"author":1,"featured_media":0,"parent":0,"menu_order":0,"comment_status":"closed","ping_status":"closed","template":"template-microsite.php","meta":{"footnotes":""},"class_list":["post-541","page","type-page","status-publish","hentry"],"_links":{"self":[{"href":"https:\/\/dc-3po.com\/pt\/wp-json\/wp\/v2\/pages\/541","targetHints":{"allow":["GET"]}}],"collection":[{"href":"https:\/\/dc-3po.com\/pt\/wp-json\/wp\/v2\/pages"}],"about":[{"href":"https:\/\/dc-3po.com\/pt\/wp-json\/wp\/v2\/types\/page"}],"author":[{"embeddable":true,"href":"https:\/\/dc-3po.com\/pt\/wp-json\/wp\/v2\/users\/1"}],"replies":[{"embeddable":true,"href":"https:\/\/dc-3po.com\/pt\/wp-json\/wp\/v2\/comments?post=541"}],"version-history":[{"count":21,"href":"https:\/\/dc-3po.com\/pt\/wp-json\/wp\/v2\/pages\/541\/revisions"}],"predecessor-version":[{"id":570,"href":"https:\/\/dc-3po.com\/pt\/wp-json\/wp\/v2\/pages\/541\/revisions\/570"}],"wp:attachment":[{"href":"https:\/\/dc-3po.com\/pt\/wp-json\/wp\/v2\/media?parent=541"}],"curies":[{"name":"wp","href":"https:\/\/api.w.org\/{rel}","templated":true}]}}